{"id":2491,"date":"2021-01-13T18:54:34","date_gmt":"2021-01-13T18:54:34","guid":{"rendered":"https:\/\/oxygen.crto.on.ca\/?page_id=2491"},"modified":"2022-04-12T13:08:39","modified_gmt":"2022-04-12T13:08:39","slug":"home","status":"publish","type":"page","link":"https:\/\/oxygen.crto.on.ca\/fr\/","title":{"rendered":"Home -fr"},"content":{"rendered":"<p>[et_pb_section fb_built=\u00a0\u00bb1&Prime; fullwidth=\u00a0\u00bbon\u00a0\u00bb _builder_version=\u00a0\u00bb4.9.5&Prime; _module_preset=\u00a0\u00bbdefault\u00a0\u00bb background_image=\u00a0\u00bbhttps:\/\/oxygen.crto.on.ca\/wp-content\/uploads\/sites\/3\/2021\/01\/oxygen-therapy-main-img-min.jpg\u00a0\u00bb global_colors_info=\u00a0\u00bb{}\u00a0\u00bb][et_pb_fullwidth_header background_overlay_color=\u00a0\u00bbrgba(255,255,255,0.3)\u00a0\u00bb _builder_version=\u00a0\u00bb4.14.8&Prime; title_text_color=\u00a0\u00bb#696bae\u00a0\u00bb background_color=\u00a0\u00bbrgba(255, 255, 255, 0)\u00a0\u00bb use_background_color_gradient=\u00a0\u00bbon\u00a0\u00bb background_color_gradient_start=\u00a0\u00bbrgba(255,255,255,0.81)\u00a0\u00bb background_color_gradient_end=\u00a0\u00bbrgba(124,218,36,0)\u00a0\u00bb background_color_gradient_direction=\u00a0\u00bb90deg\u00a0\u00bb background_color_gradient_start_position=\u00a0\u00bb53%\u00a0\u00bb background_color_gradient_end_position=\u00a0\u00bb67%\u00a0\u00bb parallax=\u00a0\u00bbon\u00a0\u00bb max_width_tablet=\u00a0\u00bb50px\u00a0\u00bb custom_css_main_element=\u00a0\u00bbpadding-top:200px;||padding-bottom:200px;\u00a0\u00bb global_colors_info=\u00a0\u00bb{}\u00a0\u00bb button_one_text_size__hover_enabled=\u00a0\u00bboff\u00a0\u00bb button_two_text_size__hover_enabled=\u00a0\u00bboff\u00a0\u00bb button_one_text_color__hover_enabled=\u00a0\u00bboff\u00a0\u00bb button_two_text_color__hover_enabled=\u00a0\u00bboff\u00a0\u00bb button_one_border_width__hover_enabled=\u00a0\u00bboff\u00a0\u00bb button_two_border_width__hover_enabled=\u00a0\u00bboff\u00a0\u00bb button_one_border_color__hover_enabled=\u00a0\u00bboff\u00a0\u00bb button_two_border_color__hover_enabled=\u00a0\u00bboff\u00a0\u00bb button_one_border_radius__hover_enabled=\u00a0\u00bboff\u00a0\u00bb button_two_border_radius__hover_enabled=\u00a0\u00bboff\u00a0\u00bb button_one_letter_spacing__hover_enabled=\u00a0\u00bboff\u00a0\u00bb button_two_letter_spacing__hover_enabled=\u00a0\u00bboff\u00a0\u00bb button_one_bg_color__hover_enabled=\u00a0\u00bboff\u00a0\u00bb button_two_bg_color__hover_enabled=\u00a0\u00bboff\u00a0\u00bb]<\/p>\n<h1 style=\"text-align: left;\"><span style=\"color: #81ac50;\">Ordre des th\u00e9rapeutes<br \/>respiratoires de l&rsquo;Ontario<\/span><\/h1>\n<p><span style=\"color: #81ac50;\">\u00a0<\/span><\/p>\n<h1 style=\"text-align: left;\"><span style=\"font-size: 30pt; color: #81ac50;\"><b>OXYG\u00c9NOTH\u00c9RAPIE<\/b><\/span><\/h1>\n<h1><span style=\"color: #81ac50;\"><b>Lignes directrices sur les pratiques cliniques<br \/>exemplaires<\/b><\/span><\/h1>\n<p>&nbsp;<\/p>\n<p>&nbsp;<\/p>\n<h3 style=\"text-align: left;\"><span style=\"color: #333333;\">Avril 2022<\/span><\/h3>\n<p>[\/et_pb_fullwidth_header][\/et_pb_section][et_pb_section fb_built=\u00a0\u00bb1&Prime; custom_padding_last_edited=\u00a0\u00bbon|phone\u00a0\u00bb disabled_on=\u00a0\u00bboff|off|\u00a0\u00bb module_class=\u00a0\u00bbno-bg-mobile\u00a0\u00bb _builder_version=\u00a0\u00bb4.6.6&Prime; background_color=\u00a0\u00bb#ffffff\u00a0\u00bb background_color_gradient_direction=\u00a0\u00bb1px\u00a0\u00bb background_enable_image=\u00a0\u00bboff\u00a0\u00bb background_position=\u00a0\u00bbbottom_center\u00a0\u00bb custom_padding=\u00a0\u00bb175px||185px||false|false\u00a0\u00bb custom_padding_tablet=\u00a0\u00bb50px||50px||true|false\u00a0\u00bb custom_padding_phone=\u00a0\u00bb25px||25px||true|false\u00a0\u00bb global_colors_info=\u00a0\u00bb{}\u00a0\u00bb][et_pb_row _builder_version=\u00a0\u00bb4.6.6&Prime; global_colors_info=\u00a0\u00bb{}\u00a0\u00bb][et_pb_column type=\u00a0\u00bb4_4&Prime; _builder_version=\u00a0\u00bb3.25&Prime; custom_padding=\u00a0\u00bb|||\u00a0\u00bb global_colors_info=\u00a0\u00bb{}\u00a0\u00bb custom_padding__hover=\u00a0\u00bb|||\u00a0\u00bb][et_pb_tabs active_tab_background_color=\u00a0\u00bb#81ac50&Prime; active_tab_text_color=\u00a0\u00bb#ffffff\u00a0\u00bb _builder_version=\u00a0\u00bb4.6.6&Prime; background_color=\u00a0\u00bbrgba(255,255,255,0)\u00a0\u00bb saved_tabs=\u00a0\u00bball\u00a0\u00bb global_colors_info=\u00a0\u00bb{}\u00a0\u00bb][et_pb_tab title=\u00a0\u00bbRemerciements\u00a0\u00bb _builder_version=\u00a0\u00bb4.6.6&Prime; body_font=\u00a0\u00bb||||||||\u00a0\u00bb tab_font=\u00a0\u00bb|||on|||||\u00a0\u00bb global_colors_info=\u00a0\u00bb{}\u00a0\u00bb]<\/p>\n<h2 style=\"text-align: left;\"><span style=\"color: #81ac50;\"><strong><span style=\"color: #81ac50;\">REMERCIMENTS<\/span><br \/><\/strong><\/span><\/h2>\n<p><!-- br--><\/p>\n<p>Les pr\u00e9sentes Lignes directrices sur les pratiques cliniques exemplaires traitant d\u2019oxyg\u00e9noth\u00e9rapie de l\u2019Ordre des th\u00e9rapeutes respiratoires de l\u2019Ontario (OTRO ou Ordre) ont \u00e9t\u00e9 \u00e9labor\u00e9es par le Comit\u00e9 de l\u2019exercice professionnel de l\u2019OTRO, en consultation avec le Conseil et d\u2019autres comit\u00e9s de l\u2019Ordre, l\u2019ensemble des membres et le personnel.<\/p>\n<p>Le Comit\u00e9 de l\u2019exercice professionnel est un comit\u00e9 discr\u00e9tionnaire compos\u00e9 de th\u00e9rapeutes respiratoires inscrits et de membres de la population poss\u00e9dant une vaste gamme de connaissances et d\u2019exp\u00e9rience, provenant de diff\u00e9rents secteurs, des quatre coins de l\u2019Ontario. L\u2019OTRO a form\u00e9 ce comit\u00e9 en 2010 afin de permettre l\u2019examen et l\u2019\u00e9laboration de normes se rapportant directement \u00e0 l\u2019exercice de la th\u00e9rapie respiratoire en Ontario. En se dotant d\u2019un comit\u00e9 permanent compos\u00e9 de leaders et d\u2019experts en th\u00e9rapie respiratoire provenant de diff\u00e9rents secteurs et de la possibilit\u00e9 de tirer profit du savoir-faire d\u2019autres experts, au besoin, l\u2019OTRO vise l\u2019uniformisation de l\u2019examen et de l\u2019\u00e9laboration des publications. L\u2019OTRO d\u00e9sire remercier le Comit\u00e9 de l\u2019exercice professionnel, l\u2019ensemble des membres et le personnel pour l\u2019\u00e9laboration des nouvelles Lignes directrices sur les pratiques cliniques exemplaires.<\/p>\n<p>&nbsp;<\/p>\n<p><strong>R\u00e9vision de 2022 : personnel de l\u2019OTRO<\/strong><\/p>\n<p>[\/et_pb_tab][et_pb_tab title=\u00a0\u00bbMembres du Comit\u00e9 de l\u2019exercice professionnel\u00a0\u00bb _builder_version=\u00a0\u00bb4.6.6&Prime; body_font=\u00a0\u00bb||||||||\u00a0\u00bb tab_font=\u00a0\u00bb|||on|||||\u00a0\u00bb global_colors_info=\u00a0\u00bb{}\u00a0\u00bb]<\/p>\n<h2 style=\"text-align: left;\"><span style=\"color: #81ac50;\"><strong><span style=\"color: #81ac50;\">MEMBRES DU COMIT\u00c9 DE L\u2019EXERCICE PROFESSIONNEL<\/span><br \/>\n<\/strong><\/span><\/h2>\n<p><!-- br--><\/p>\n<p>Paul Williams, RRT \u2013 pr\u00e9sident du Conseil (membre universitaire du Conseil de l\u2019OTRO)<br \/>\nPageau, RRT \u2013 vice-pr\u00e9sidente (membre hors-Conseil de l\u2019OTRO)<br \/>\nCarol-Ann Whalen, RRT (membre hors-Conseil de l\u2019OTRO)<br \/>\nAllan Cobb (membre public du Conseil de l\u2019OTRO)<br \/>\nRhonda Contant, RRT (membre hors-Conseil de l\u2019OTRO)<br \/>\nDaniel Fryer, RRT (membre hors-Conseil de l\u2019OTRO)<br \/>\nAlean Jackman, RRT (membre hors-Conseil de l\u2019OTRO)<br \/>\nLori Peppler-Beechey, RRT (membre hors-Conseil de l\u2019OTRO)<br \/>\nBruno Tassonse, RRT (membre hors-Conseil de l\u2019OTRO)[\/et_pb_tab][et_pb_tab title=\u00a0\u00bbConseiller\u00a0\u00bb _builder_version=\u00a0\u00bb4.6.6&Prime; body_font=\u00a0\u00bb||||||||\u00a0\u00bb tab_font=\u00a0\u00bb|||on|||||\u00a0\u00bb global_colors_info=\u00a0\u00bb{}\u00a0\u00bb]<\/p>\n<h2 style=\"text-align: left;\"><span style=\"color: #81ac50;\"><strong><span style=\"color: #81ac50;\">CONSEILLER<\/span><br \/><\/strong><\/span><\/h2>\n<p><!-- br--><\/p>\n<p>Raymond Janisse, RRT technologue hyperbare autoris\u00e9 (CHT)<br \/>Bill Boyle, RRT technologue hyperbare autoris\u00e9 (CHT), MPA, CHE<\/p>\n<p>[\/et_pb_tab][et_pb_tab title=\u00a0\u00bbMembres pass\u00e9s du Comit\u00e9 de l\u2019exercice professionnel (2010 \u00e0 2012)\u00a0\u00bb _builder_version=\u00a0\u00bb4.6.6&Prime; body_font=\u00a0\u00bb||||||||\u00a0\u00bb tab_font=\u00a0\u00bb|||on|||||\u00a0\u00bb global_colors_info=\u00a0\u00bb{}\u00a0\u00bb]<\/p>\n<h2 style=\"text-align: left;\"><span style=\"color: #81ac50;\"><strong><span style=\"color: #81ac50;\">MEMBRES PASS\u00c9S DU COMIT\u00c9 DE L\u2019EXERCICE PROFESSIONNEL (2010 \u00c0 2012)<\/span><br \/> <\/strong><\/span><\/h2>\n<p><!-- br--><\/p>\n<p>Marisa Ammerata, RRT &#8211; vice-pr\u00e9sidente (membre du Conseil de l\u2019OTRO)<br \/> Jim Ferrie (membre public du Conseil de l\u2019OTRO)<br \/> Ally Ruzycki-Chadwick, RRT (membre hors-Conseil de l\u2019OTRO)<br \/> Sherri Horner RRT (membre de l\u2019OTRO)<br \/> Kevin Middleton RRT (membre de l\u2019OTRO)<br \/> Carole LeBlanc RRT \u2013 vice-pr\u00e9sidente (membre hors-Conseil de l\u2019OTRO)<br \/> Dave Jones RRT (membre du Conseil de l\u2019OTRO)<br \/> Tracy Bradley RRT (membre du Conseil de l\u2019OTRO)<br \/> Mark Pioro (membre public du Conseil de l\u2019OTRO)<\/p>\n<p>[\/et_pb_tab][\/et_pb_tabs][et_pb_text _builder_version=\u00a0\u00bb4.6.6&Prime; _module_preset=\u00a0\u00bbdefault\u00a0\u00bb text_font_size=\u00a0\u00bb13px\u00a0\u00bb text_orientation=\u00a0\u00bbcenter\u00a0\u00bb locked=\u00a0\u00bboff\u00a0\u00bb global_colors_info=\u00a0\u00bb{}\u00a0\u00bb]<\/p>\n<p class=\"p1\">Pour vous faciliter les choses, les ressources et les r\u00e9f\u00e9rences sont pr\u00e9sent\u00e9es en hyperliens Internet afin\u00a0<span style=\"font-size: 13px;\">d\u2019inciter la recherche d\u2019information li\u00e9e \u00e0 diff\u00e9rents secteurs d\u2019activit\u00e9 et secteurs. Les termes en gras\u00a0<\/span><span style=\"font-size: 13px;\">sont d\u00e9finis dans le glossaire.<\/span><\/p>\n<p>[\/et_pb_text][et_pb_button button_url=\u00a0\u00bbhttp:\/\/www.crto.on.ca\/fr\u00a0\u00bb url_new_window=\u00a0\u00bbon\u00a0\u00bb button_text=\u00a0\u00bbRETOUR SUR LE SITE WEB DU L&rsquo;OTRO\u00a0\u00bb button_alignment=\u00a0\u00bbcenter\u00a0\u00bb disabled_on=\u00a0\u00bboff|off|off\u00a0\u00bb _builder_version=\u00a0\u00bb4.9.5&Prime; custom_button=\u00a0\u00bbon\u00a0\u00bb button_text_size=\u00a0\u00bb18&Prime; button_text_color=\u00a0\u00bb#ffffff\u00a0\u00bb button_bg_color=\u00a0\u00bb#81ac50&Prime; custom_margin=\u00a0\u00bb45px|||\u00a0\u00bb saved_tabs=\u00a0\u00bball\u00a0\u00bb global_colors_info=\u00a0\u00bb{}\u00a0\u00bb button_text_size__hover_enabled=\u00a0\u00bboff\u00a0\u00bb button_one_text_size__hover_enabled=\u00a0\u00bboff\u00a0\u00bb button_two_text_size__hover_enabled=\u00a0\u00bboff\u00a0\u00bb button_text_color__hover_enabled=\u00a0\u00bboff\u00a0\u00bb button_one_text_color__hover_enabled=\u00a0\u00bboff\u00a0\u00bb button_two_text_color__hover_enabled=\u00a0\u00bboff\u00a0\u00bb button_border_width__hover_enabled=\u00a0\u00bboff\u00a0\u00bb button_one_border_width__hover_enabled=\u00a0\u00bboff\u00a0\u00bb button_two_border_width__hover_enabled=\u00a0\u00bboff\u00a0\u00bb button_border_color__hover_enabled=\u00a0\u00bboff\u00a0\u00bb button_one_border_color__hover_enabled=\u00a0\u00bboff\u00a0\u00bb button_two_border_color__hover_enabled=\u00a0\u00bboff\u00a0\u00bb button_border_radius__hover_enabled=\u00a0\u00bboff\u00a0\u00bb button_one_border_radius__hover_enabled=\u00a0\u00bboff\u00a0\u00bb button_two_border_radius__hover_enabled=\u00a0\u00bboff\u00a0\u00bb button_letter_spacing__hover_enabled=\u00a0\u00bboff\u00a0\u00bb button_one_letter_spacing__hover_enabled=\u00a0\u00bboff\u00a0\u00bb button_two_letter_spacing__hover_enabled=\u00a0\u00bboff\u00a0\u00bb button_bg_color__hover_enabled=\u00a0\u00bboff\u00a0\u00bb button_one_bg_color__hover_enabled=\u00a0\u00bboff\u00a0\u00bb button_two_bg_color__hover_enabled=\u00a0\u00bboff\u00a0\u00bb][\/et_pb_button][\/et_pb_column][\/et_pb_row][\/et_pb_section][et_pb_section fb_built=\u00a0\u00bb1&Prime; _builder_version=\u00a0\u00bb4.6.6&Prime; _module_preset=\u00a0\u00bbdefault\u00a0\u00bb use_background_color_gradient=\u00a0\u00bbon\u00a0\u00bb background_color_gradient_start=\u00a0\u00bb#ffffff\u00a0\u00bb background_color_gradient_end=\u00a0\u00bb#e0e0e0&Prime; background_color_gradient_start_position=\u00a0\u00bb40%\u00a0\u00bb border_width_top=\u00a0\u00bb3px\u00a0\u00bb border_color_top=\u00a0\u00bb#81ac50&Prime; global_colors_info=\u00a0\u00bb{}\u00a0\u00bb][et_pb_row _builder_version=\u00a0\u00bb4.6.6&Prime; _module_preset=\u00a0\u00bbdefault\u00a0\u00bb custom_padding=\u00a0\u00bb27px|||||\u00a0\u00bb global_colors_info=\u00a0\u00bb{}\u00a0\u00bb][et_pb_column type=\u00a0\u00bb4_4&Prime; _builder_version=\u00a0\u00bb4.6.6&Prime; _module_preset=\u00a0\u00bbdefault\u00a0\u00bb global_colors_info=\u00a0\u00bb{}\u00a0\u00bb][et_pb_text admin_label=\u00a0\u00bbGET IN TOUCH\u00a0\u00bb _builder_version=\u00a0\u00bb4.6.6&Prime; text_text_color=\u00a0\u00bb#696bae\u00a0\u00bb module_alignment=\u00a0\u00bbleft\u00a0\u00bb custom_padding=\u00a0\u00bb0px||0px|||\u00a0\u00bb border_style=\u00a0\u00bbsolid\u00a0\u00bb global_colors_info=\u00a0\u00bb{}\u00a0\u00bb]<\/p>\n<h2 style=\"text-align: left;\"><span style=\"color: #81ac50;\"><strong><span style=\"color: #81ac50;\">QUESTIONS OU COMMENTAIRES?<br \/>\n<\/span><br \/>\n<\/strong><\/span><\/h2>\n<p>[\/et_pb_text][et_pb_code admin_label=\u00a0\u00bbContact Form\u00a0\u00bb module_class=\u00a0\u00bbcontactform\u00a0\u00bb _builder_version=\u00a0\u00bb4.6.6&Prime; global_colors_info=\u00a0\u00bb{}\u00a0\u00bb]\n<div class=\"wpcf7 no-js\" id=\"wpcf7-f2430-o1\" lang=\"en-US\" dir=\"ltr\" data-wpcf7-id=\"2430\">\n<div class=\"screen-reader-response\"><p role=\"status\" aria-live=\"polite\" aria-atomic=\"true\"><\/p> <ul><\/ul><\/div>\n<form action=\"\/fr\/wp-json\/wp\/v2\/pages\/2491#wpcf7-f2430-o1\" method=\"post\" class=\"wpcf7-form init\" aria-label=\"Contact form\" novalidate=\"novalidate\" data-status=\"init\">\n<fieldset class=\"hidden-fields-container\"><input type=\"hidden\" name=\"_wpcf7\" value=\"2430\" \/><input type=\"hidden\" name=\"_wpcf7_version\" value=\"6.1.4\" \/><input type=\"hidden\" name=\"_wpcf7_locale\" value=\"en_US\" \/><input type=\"hidden\" name=\"_wpcf7_unit_tag\" value=\"wpcf7-f2430-o1\" \/><input type=\"hidden\" name=\"_wpcf7_container_post\" value=\"0\" \/><input type=\"hidden\" name=\"_wpcf7_posted_data_hash\" value=\"\" \/><input type=\"hidden\" name=\"_wpcf7_recaptcha_response\" value=\"\" \/>\n<\/fieldset>\n<p><span class=\"wpcf7-form-control-wrap\" data-name=\"your-name\"><input size=\"40\" maxlength=\"400\" class=\"wpcf7-form-control wpcf7-text wpcf7-validates-as-required\" aria-required=\"true\" aria-invalid=\"false\" placeholder=\"Nom\" value=\"\" type=\"text\" name=\"your-name\" \/><\/span>\n<\/p>\n<p><span class=\"wpcf7-form-control-wrap\" data-name=\"your-email\"><input size=\"40\" maxlength=\"400\" class=\"wpcf7-form-control wpcf7-email wpcf7-validates-as-required wpcf7-text wpcf7-validates-as-email\" aria-required=\"true\" aria-invalid=\"false\" placeholder=\"Courriel\" value=\"\" type=\"email\" name=\"your-email\" \/><\/span>\n<\/p>\n<p><span class=\"wpcf7-form-control-wrap\" data-name=\"your-message\"><textarea cols=\"40\" rows=\"10\" maxlength=\"2000\" class=\"wpcf7-form-control wpcf7-textarea wpcf7-validates-as-required\" aria-required=\"true\" aria-invalid=\"false\" placeholder=\"Message\" name=\"your-message\"><\/textarea><\/span>\n<\/p>\n<p><input class=\"wpcf7-form-control wpcf7-submit has-spinner et_pb_button\" type=\"submit\" value=\"Envoyer\" \/>\n<\/p><div class=\"wpcf7-response-output\" aria-hidden=\"true\"><\/div>\n<\/form>\n<\/div>\n[\/et_pb_code][et_pb_text _builder_version=\u00a0\u00bb4.6.6&Prime; _module_preset=\u00a0\u00bbdefault\u00a0\u00bb text_font_size=\u00a0\u00bb13px\u00a0\u00bb text_orientation=\u00a0\u00bbcenter\u00a0\u00bb global_colors_info=\u00a0\u00bb{}\u00a0\u00bb]<\/p>\n<p class=\"p1\" style=\"text-align: left;\">Les pr\u00e9sentes lignes directrices seront mises \u00e0 jour pour accompagner l\u2019evolution de la pratique et les faits nouveaux. Nous vous saurions gr\u00e9 de nous faire part de vos commentaires au sujet de ces lignes directrices en les adressant \u00e0 la :<\/p>\n<p class=\"p1\" style=\"text-align: left;\"><strong>Ordre des th\u00e9rapeutes respiratoires de l\u2019Ontario<\/strong> 180, rue Dundas Ouest, bureau 2103 Toronto (Ontario), M5G 1Z8, T\u00e9l\u00e9phone 416-591-7800 | Sans frais 1-800-261-0528 | T\u00e9l\u00e9copieur 416-591-7890 |\u00a0 Courriel\u00a0<a href=\"mailto:questions@crto.on.ca\">questions@crto.on.ca<\/a><\/p>\n<p>[\/et_pb_text][\/et_pb_column][\/et_pb_row][\/et_pb_section]<\/p>\n","protected":false},"excerpt":{"rendered":"<p>Ordre des th\u00e9rapeutesrespiratoires de l&rsquo;Ontario \u00a0 OXYG\u00c9NOTH\u00c9RAPIE Lignes directrices sur les pratiques cliniquesexemplaires &nbsp; &nbsp; Avril 2022REMERCIMENTS Les pr\u00e9sentes Lignes directrices sur les pratiques cliniques exemplaires traitant d\u2019oxyg\u00e9noth\u00e9rapie de l\u2019Ordre des th\u00e9rapeutes respiratoires de l\u2019Ontario (OTRO ou Ordre) ont \u00e9t\u00e9 \u00e9labor\u00e9es par le Comit\u00e9 de l\u2019exercice professionnel de l\u2019OTRO, en consultation avec le Conseil et [&hellip;]<\/p>\n","protected":false},"author":1,"featured_media":0,"parent":0,"menu_order":0,"comment_status":"closed","ping_status":"closed","template":"","meta":{"_et_pb_use_builder":"on","_et_pb_old_content":"","_et_gb_content_width":"","footnotes":""},"class_list":["post-2491","page","type-page","status-publish","hentry"],"yoast_head":"<!-- This site is optimized with the Yoast SEO plugin v26.9 - https:\/\/yoast.com\/product\/yoast-seo-wordpress\/ -->\n<title>Home -fr - Oxygen Therapy CBPG<\/title>\n<meta name=\"robots\" content=\"index, follow, max-snippet:-1, max-image-preview:large, max-video-preview:-1\" \/>\n<link rel=\"canonical\" href=\"https:\/\/oxygen.crto.on.ca\/fr\/home\/\" \/>\n<meta property=\"og:locale\" content=\"fr_FR\" \/>\n<meta property=\"og:type\" content=\"article\" \/>\n<meta property=\"og:title\" content=\"Home -fr - Oxygen Therapy CBPG\" \/>\n<meta property=\"og:description\" content=\"Ordre des th\u00e9rapeutesrespiratoires de l&#039;Ontario \u00a0 OXYG\u00c9NOTH\u00c9RAPIE Lignes directrices sur les pratiques cliniquesexemplaires &nbsp; &nbsp; Avril 2022REMERCIMENTS Les pr\u00e9sentes Lignes directrices sur les pratiques cliniques exemplaires traitant d\u2019oxyg\u00e9noth\u00e9rapie de l\u2019Ordre des th\u00e9rapeutes respiratoires de l\u2019Ontario (OTRO ou Ordre) ont \u00e9t\u00e9 \u00e9labor\u00e9es par le Comit\u00e9 de l\u2019exercice professionnel de l\u2019OTRO, en consultation avec le Conseil et [&hellip;]\" \/>\n<meta property=\"og:url\" content=\"https:\/\/oxygen.crto.on.ca\/fr\/home\/\" \/>\n<meta property=\"og:site_name\" content=\"Oxygen Therapy CBPG\" \/>\n<meta property=\"article:modified_time\" content=\"2022-04-12T13:08:39+00:00\" \/>\n<meta name=\"twitter:card\" content=\"summary_large_image\" \/>\n<meta name=\"twitter:label1\" content=\"Est. reading time\" \/>\n\t<meta name=\"twitter:data1\" content=\"3 minutes\" \/>\n<script type=\"application\/ld+json\" class=\"yoast-schema-graph\">{\"@context\":\"https:\/\/schema.org\",\"@graph\":[{\"@type\":\"WebPage\",\"@id\":\"https:\/\/oxygen.crto.on.ca\/fr\/home\/\",\"url\":\"https:\/\/oxygen.crto.on.ca\/fr\/home\/\",\"name\":\"Home -fr - Oxygen Therapy CBPG\",\"isPartOf\":{\"@id\":\"https:\/\/oxygen.crto.on.ca\/#website\"},\"datePublished\":\"2021-01-13T18:54:34+00:00\",\"dateModified\":\"2022-04-12T13:08:39+00:00\",\"breadcrumb\":{\"@id\":\"https:\/\/oxygen.crto.on.ca\/fr\/home\/#breadcrumb\"},\"inLanguage\":\"fr-FR\",\"potentialAction\":[{\"@type\":\"ReadAction\",\"target\":[\"https:\/\/oxygen.crto.on.ca\/fr\/home\/\"]}]},{\"@type\":\"BreadcrumbList\",\"@id\":\"https:\/\/oxygen.crto.on.ca\/fr\/home\/#breadcrumb\",\"itemListElement\":[{\"@type\":\"ListItem\",\"position\":1,\"name\":\"Home\",\"item\":\"https:\/\/oxygen.crto.on.ca\/fr\/home\/\"},{\"@type\":\"ListItem\",\"position\":2,\"name\":\"Home -fr\"}]},{\"@type\":\"WebSite\",\"@id\":\"https:\/\/oxygen.crto.on.ca\/#website\",\"url\":\"https:\/\/oxygen.crto.on.ca\/\",\"name\":\"Oxygen Therapy CBPG\",\"description\":\"Clinical Best Practice Guideline\",\"potentialAction\":[{\"@type\":\"SearchAction\",\"target\":{\"@type\":\"EntryPoint\",\"urlTemplate\":\"https:\/\/oxygen.crto.on.ca\/?s={search_term_string}\"},\"query-input\":{\"@type\":\"PropertyValueSpecification\",\"valueRequired\":true,\"valueName\":\"search_term_string\"}}],\"inLanguage\":\"fr-FR\"}]}<\/script>\n<!-- \/ Yoast SEO plugin. -->","yoast_head_json":{"title":"Home -fr - Oxygen Therapy CBPG","robots":{"index":"index","follow":"follow","max-snippet":"max-snippet:-1","max-image-preview":"max-image-preview:large","max-video-preview":"max-video-preview:-1"},"canonical":"https:\/\/oxygen.crto.on.ca\/fr\/home\/","og_locale":"fr_FR","og_type":"article","og_title":"Home -fr - Oxygen Therapy CBPG","og_description":"Ordre des th\u00e9rapeutesrespiratoires de l'Ontario \u00a0 OXYG\u00c9NOTH\u00c9RAPIE Lignes directrices sur les pratiques cliniquesexemplaires &nbsp; &nbsp; Avril 2022REMERCIMENTS Les pr\u00e9sentes Lignes directrices sur les pratiques cliniques exemplaires traitant d\u2019oxyg\u00e9noth\u00e9rapie de l\u2019Ordre des th\u00e9rapeutes respiratoires de l\u2019Ontario (OTRO ou Ordre) ont \u00e9t\u00e9 \u00e9labor\u00e9es par le Comit\u00e9 de l\u2019exercice professionnel de l\u2019OTRO, en consultation avec le Conseil et [&hellip;]","og_url":"https:\/\/oxygen.crto.on.ca\/fr\/home\/","og_site_name":"Oxygen Therapy CBPG","article_modified_time":"2022-04-12T13:08:39+00:00","twitter_card":"summary_large_image","twitter_misc":{"Est. reading time":"3 minutes"},"schema":{"@context":"https:\/\/schema.org","@graph":[{"@type":"WebPage","@id":"https:\/\/oxygen.crto.on.ca\/fr\/home\/","url":"https:\/\/oxygen.crto.on.ca\/fr\/home\/","name":"Home -fr - Oxygen Therapy CBPG","isPartOf":{"@id":"https:\/\/oxygen.crto.on.ca\/#website"},"datePublished":"2021-01-13T18:54:34+00:00","dateModified":"2022-04-12T13:08:39+00:00","breadcrumb":{"@id":"https:\/\/oxygen.crto.on.ca\/fr\/home\/#breadcrumb"},"inLanguage":"fr-FR","potentialAction":[{"@type":"ReadAction","target":["https:\/\/oxygen.crto.on.ca\/fr\/home\/"]}]},{"@type":"BreadcrumbList","@id":"https:\/\/oxygen.crto.on.ca\/fr\/home\/#breadcrumb","itemListElement":[{"@type":"ListItem","position":1,"name":"Home","item":"https:\/\/oxygen.crto.on.ca\/fr\/home\/"},{"@type":"ListItem","position":2,"name":"Home -fr"}]},{"@type":"WebSite","@id":"https:\/\/oxygen.crto.on.ca\/#website","url":"https:\/\/oxygen.crto.on.ca\/","name":"Oxygen Therapy CBPG","description":"Clinical Best Practice Guideline","potentialAction":[{"@type":"SearchAction","target":{"@type":"EntryPoint","urlTemplate":"https:\/\/oxygen.crto.on.ca\/?s={search_term_string}"},"query-input":{"@type":"PropertyValueSpecification","valueRequired":true,"valueName":"search_term_string"}}],"inLanguage":"fr-FR"}]}},"_links":{"self":[{"href":"https:\/\/oxygen.crto.on.ca\/fr\/wp-json\/wp\/v2\/pages\/2491","targetHints":{"allow":["GET"]}}],"collection":[{"href":"https:\/\/oxygen.crto.on.ca\/fr\/wp-json\/wp\/v2\/pages"}],"about":[{"href":"https:\/\/oxygen.crto.on.ca\/fr\/wp-json\/wp\/v2\/types\/page"}],"author":[{"embeddable":true,"href":"https:\/\/oxygen.crto.on.ca\/fr\/wp-json\/wp\/v2\/users\/1"}],"replies":[{"embeddable":true,"href":"https:\/\/oxygen.crto.on.ca\/fr\/wp-json\/wp\/v2\/comments?post=2491"}],"version-history":[{"count":24,"href":"https:\/\/oxygen.crto.on.ca\/fr\/wp-json\/wp\/v2\/pages\/2491\/revisions"}],"predecessor-version":[{"id":2932,"href":"https:\/\/oxygen.crto.on.ca\/fr\/wp-json\/wp\/v2\/pages\/2491\/revisions\/2932"}],"wp:attachment":[{"href":"https:\/\/oxygen.crto.on.ca\/fr\/wp-json\/wp\/v2\/media?parent=2491"}],"curies":[{"name":"wp","href":"https:\/\/api.w.org\/{rel}","templated":true}]}}